{"id":6,"date":"2019-04-08T11:26:22","date_gmt":"2019-04-08T09:26:22","guid":{"rendered":"https:\/\/ateliers.nomades.ch\/~fillettaz\/wordpress\/?page_id=6"},"modified":"2024-06-05T16:28:23","modified_gmt":"2024-06-05T14:28:23","slug":"a-propos","status":"publish","type":"page","link":"https:\/\/www.webitou.net\/webitou\/a-propos\/","title":{"rendered":"A propos"},"content":{"rendered":"<div id=\"TheTexte\" class=\"Texte\" lang=\"fr\">\n<h2>Notre entreprise<\/h2>\n<p><strong>Nous d\u00e9veloppons<\/strong> des applicatifs Web depuis 2000. Nous cr\u00e9ons ou r\u00e9novons votre site internet afin de le rendre ergonomique, \u00e9volutif, responsive et design.<\/p>\n<p>Un site internet doit \u00eatre pens\u00e9 comme un projet global. Une simple pr\u00e9sence sur la toile ne suffit plus.<\/p>\n<p><span class=\"brand\">Webitou<\/span> vous accompagne pour mettre en place les actions de marketing digital qui boosteront vos r\u00e9sultats.<\/p>\n<p>Toutes nos solutions sont con\u00e7ues pour vous donner une enti\u00e8re autonomie dans la gestion de votre site <span class=\"brand\">w<\/span>eb. Cependant vous pouvez choisir de nous en confier l&rsquo;administration afin qu\u2019il soit continuellement tendance.<\/p>\n<p>Nous collaborons avec des partenaires locaux et comp\u00e9tents, comme par exemple notre h\u00e9bergeur suisse disposant d&rsquo;une charte \u00e9cologique.<\/p>\n<p>&nbsp;<\/p>\n<p><strong>Nous enseignons<\/strong> sur diff\u00e9rent logiciels informatiques depuis 2006, nos formateurs sont certifi\u00e9s (FSEA) et\/ou brevet\u00e9s. Nous proposons diff\u00e9rentes formations personnalis\u00e9es en groupe, en entreprise ou pour particulier.<\/p>\n<p>&nbsp;<\/p>\n<h2>Nous contacter<\/h2>\n<p>N\u2019h\u00e9sitez pas \u00e0 nous contacter pour tous renseignements, remarques ou suggestions via le formulaire ci-dessous ou par t\u00e9l\u00e9phone au <a href=\"tel:+41766157464\">+41\u00a076 615 74 64<\/a>.<\/p>\n<p>&nbsp;<\/p>\n<\/div>\n","protected":false},"excerpt":{"rendered":"<p>Notre entreprise Nous d\u00e9veloppons des applicatifs Web depuis 2000. Nous cr\u00e9ons ou r\u00e9novons votre site internet afin de le rendre ergonomique, \u00e9volutif, responsive et design. Un site internet doit \u00eatre pens\u00e9 comme un projet global. Une simple pr\u00e9sence sur la toile ne suffit plus. Webitou vous accompagne pour mettre en place les actions de marketing [&hellip;]<\/p>\n","protected":false},"author":1,"featured_media":297,"parent":0,"menu_order":2,"comment_status":"closed","ping_status":"closed","template":"templates\/page_2_cols.php","meta":{"_acf_changed":false,"footnotes":""},"class_list":["post-6","page","type-page","status-publish","has-post-thumbnail","hentry"],"acf":[],"_links":{"self":[{"href":"https:\/\/www.webitou.net\/webitou\/wp-json\/wp\/v2\/pages\/6","targetHints":{"allow":["GET"]}}],"collection":[{"href":"https:\/\/www.webitou.net\/webitou\/wp-json\/wp\/v2\/pages"}],"about":[{"href":"https:\/\/www.webitou.net\/webitou\/wp-json\/wp\/v2\/types\/page"}],"author":[{"embeddable":true,"href":"https:\/\/www.webitou.net\/webitou\/wp-json\/wp\/v2\/users\/1"}],"replies":[{"embeddable":true,"href":"https:\/\/www.webitou.net\/webitou\/wp-json\/wp\/v2\/comments?post=6"}],"version-history":[{"count":27,"href":"https:\/\/www.webitou.net\/webitou\/wp-json\/wp\/v2\/pages\/6\/revisions"}],"predecessor-version":[{"id":425,"href":"https:\/\/www.webitou.net\/webitou\/wp-json\/wp\/v2\/pages\/6\/revisions\/425"}],"wp:featuredmedia":[{"embeddable":true,"href":"https:\/\/www.webitou.net\/webitou\/wp-json\/wp\/v2\/media\/297"}],"wp:attachment":[{"href":"https:\/\/www.webitou.net\/webitou\/wp-json\/wp\/v2\/media?parent=6"}],"curies":[{"name":"wp","href":"https:\/\/api.w.org\/{rel}","templated":true}]}}